{"id":12,"date":"2024-07-11T13:21:16","date_gmt":"2024-07-11T11:21:16","guid":{"rendered":"https:\/\/verkehrplus.at\/auf-vertrauten-wegen\/?page_id=12"},"modified":"2024-09-04T09:32:07","modified_gmt":"2024-09-04T07:32:07","slug":"home","status":"publish","type":"page","link":"https:\/\/verkehrplus.at\/auf-vertrauten-wegen\/","title":{"rendered":"Home"},"content":{"rendered":"\t\t<div data-elementor-type=\"wp-page\" data-elementor-id=\"12\" class=\"elementor elementor-12\" data-elementor-post-type=\"page\">\n\t\t\t\t<div class=\"elementor-element elementor-element-ac26080 e-flex e-con-boxed e-con e-parent\" data-id=\"ac26080\" data-element_type=\"container\" data-settings=\"{&quot;background_background&quot;:&quot;classic&quot;}\">\n\t\t\t\t\t<div class=\"e-con-inner\">\n\t\t<div class=\"elementor-element elementor-element-8f30296 e-con-full e-flex e-con e-child\" data-id=\"8f30296\" data-element_type=\"container\" data-settings=\"{&quot;background_background&quot;:&quot;slideshow&quot;,&quot;background_slideshow_gallery&quot;:[{&quot;id&quot;:229,&quot;url&quot;:&quot;https:\\\/\\\/verkehrplus.at\\\/auf-vertrauten-wegen\\\/wp-content\\\/uploads\\\/2024\\\/07\\\/Frohnleiten_Begegnungszone_Schule-scaled.jpg&quot;},{&quot;id&quot;:230,&quot;url&quot;:&quot;https:\\\/\\\/verkehrplus.at\\\/auf-vertrauten-wegen\\\/wp-content\\\/uploads\\\/2024\\\/07\\\/Gleisdorf_Schulstrasse-scaled.jpg&quot;},{&quot;id&quot;:231,&quot;url&quot;:&quot;https:\\\/\\\/verkehrplus.at\\\/auf-vertrauten-wegen\\\/wp-content\\\/uploads\\\/2024\\\/07\\\/Zeltweg.jpg&quot;},{&quot;id&quot;:300,&quot;url&quot;:&quot;https:\\\/\\\/verkehrplus.at\\\/auf-vertrauten-wegen\\\/wp-content\\\/uploads\\\/2024\\\/09\\\/Schule-Eingang-scaled.jpg&quot;},{&quot;id&quot;:232,&quot;url&quot;:&quot;https:\\\/\\\/verkehrplus.at\\\/auf-vertrauten-wegen\\\/wp-content\\\/uploads\\\/2024\\\/07\\\/Zeltweg-Schulweg-scaled.jpg&quot;}],&quot;background_slideshow_loop&quot;:&quot;yes&quot;,&quot;background_slideshow_slide_duration&quot;:5000,&quot;background_slideshow_slide_transition&quot;:&quot;fade&quot;,&quot;background_slideshow_transition_duration&quot;:500}\">\n\t\t\t\t<\/div>\n\t\t\t\t\t<\/div>\n\t\t\t\t<\/div>\n\t\t<div class=\"elementor-element elementor-element-2822e7c e-flex e-con-boxed e-con e-parent\" data-id=\"2822e7c\" data-element_type=\"container\">\n\t\t\t\t\t<div class=\"e-con-inner\">\n\t\t<div class=\"elementor-element elementor-element-1bc2cea e-con-full e-flex e-con e-child\" data-id=\"1bc2cea\" data-element_type=\"container\">\n\t\t\t\t<div class=\"elementor-element elementor-element-899e844 elementor-widget elementor-widget-heading\" data-id=\"899e844\" data-element_type=\"widget\" data-widget_type=\"heading.default\">\n\t\t\t\t<div class=\"elementor-widget-container\">\n\t\t\t<style>\/*! elementor - v3.23.0 - 15-07-2024 *\/\n.elementor-heading-title{padding:0;margin:0;line-height:1}.elementor-widget-heading .elementor-heading-title[class*=elementor-size-]>a{color:inherit;font-size:inherit;line-height:inherit}.elementor-widget-heading .elementor-heading-title.elementor-size-small{font-size:15px}.elementor-widget-heading .elementor-heading-title.elementor-size-medium{font-size:19px}.elementor-widget-heading .elementor-heading-title.elementor-size-large{font-size:29px}.elementor-widget-heading .elementor-heading-title.elementor-size-xl{font-size:39px}.elementor-widget-heading .elementor-heading-title.elementor-size-xxl{font-size:59px}<\/style><h1 class=\"elementor-heading-title elementor-size-default\">Auf vertrauten Wegen<\/h1>\t\t<\/div>\n\t\t\t\t<\/div>\n\t\t\t\t<div class=\"elementor-element elementor-element-f65ac84 elementor-widget elementor-widget-text-editor\" data-id=\"f65ac84\" data-element_type=\"widget\" data-widget_type=\"text-editor.default\">\n\t\t\t\t<div class=\"elementor-widget-container\">\n\t\t\t<style>\/*! elementor - v3.23.0 - 15-07-2024 *\/\n.elementor-widget-text-editor.elementor-drop-cap-view-stacked .elementor-drop-cap{background-color:#69727d;color:#fff}.elementor-widget-text-editor.elementor-drop-cap-view-framed .elementor-drop-cap{color:#69727d;border:3px solid;background-color:transparent}.elementor-widget-text-editor:not(.elementor-drop-cap-view-default) .elementor-drop-cap{margin-top:8px}.elementor-widget-text-editor:not(.elementor-drop-cap-view-default) .elementor-drop-cap-letter{width:1em;height:1em}.elementor-widget-text-editor .elementor-drop-cap{float:left;text-align:center;line-height:1;font-size:50px}.elementor-widget-text-editor .elementor-drop-cap-letter{display:inline-block}<\/style>\t\t\t\t<p>Das Mobilit\u00e4tsverhalten wird in jungen Jahren erlernt. Dieses wird durch die Umgebung gepr\u00e4gt. Mit dem Eintritt junger Menschen in eine Bildungseinrichtung beginnt auch die Notwendigkeit der Mobilit\u00e4t.&nbsp;<\/p>\n<p>Das Forschungsprojekt &#8222;Auf vertrauten Wegen&#8220; hat zum Ziel, am Beispiel ausgew\u00e4hlter Bildungseinrichtungen Pilotprojekte in die Umsetzung zu bringen und die Auswirkungen von Infrastruktur und verhaltensbezogenen Aktivit\u00e4ten auf das Mobilit\u00e4tsverhalten zu untersuchen.&nbsp;<\/p>\n<p>Die wissenschaftliche Begleitung von Pilotprojekten soll zeigen, wie sich die Wahrnehmung des \u00f6ffentlichen Raumes bei Kindern und Jugendlichen durch kinder- und jugendgerechte Infrastrukturen und Aktivit\u00e4ten ver\u00e4ndert. Gleichzeitig wird die Auswirkung dieser Pilotprojekte auf das Umfeld der Kinder und Jugendlichen, also auf ihre Erziehungsberechtigten und Lehrer:innen, untersucht. Dabei sind die jungen Menschen im Entwicklungsprozess der Projekte eingebunden.<\/p>\n<p>Parallel zu diesen Aktivit\u00e4ten werden alle Projektschritte erhoben und evaluiert, um Erkenntnisse \u00fcber die Wirkungen der Pilotprojekte auf die aktive Mobilit\u00e4t von Kindern und Jugendlichen und Auswirkungen auf das soziale Umfeld&nbsp;<span style=\"text-align: var(--text-align);\">zu erlangen<\/span><span style=\"text-align: var(--text-align);\">.<\/span><\/p>\t\t\t\t\t\t<\/div>\n\t\t\t\t<\/div>\n\t\t\t\t<\/div>\n\t\t<div class=\"elementor-element elementor-element-943ceb4 e-con-full e-flex e-con e-child\" data-id=\"943ceb4\" data-element_type=\"container\">\n\t\t\t\t<div class=\"elementor-element elementor-element-634b176 elementor-widget elementor-widget-template\" data-id=\"634b176\" data-element_type=\"widget\" data-widget_type=\"template.default\">\n\t\t\t\t<div class=\"elementor-widget-container\">\n\t\t\t\t\t<div class=\"elementor-template\">\n\t\t\t\t\t<div data-elementor-type=\"section\" data-elementor-id=\"46\" class=\"elementor elementor-46\" data-elementor-post-type=\"elementor_library\">\n\t\t\t<div class=\"elementor-element elementor-element-fee97db e-flex e-con-boxed e-con e-parent\" data-id=\"fee97db\" data-element_type=\"container\">\n\t\t\t\t\t<div class=\"e-con-inner\">\n\t\t<div class=\"elementor-element elementor-element-fa0bd7f e-con-full e-flex e-con e-child\" data-id=\"fa0bd7f\" data-element_type=\"container\">\n\t\t\t\t<div class=\"elementor-element elementor-element-63ff7d5 elementor-search-form--skin-classic elementor-search-form--button-type-icon elementor-search-form--icon-search elementor-widget elementor-widget-search-form\" data-id=\"63ff7d5\" data-element_type=\"widget\" data-settings=\"{&quot;skin&quot;:&quot;classic&quot;}\" data-widget_type=\"search-form.default\">\n\t\t\t\t<div class=\"elementor-widget-container\">\n\t\t\t<link rel=\"stylesheet\" href=\"https:\/\/verkehrplus.at\/auf-vertrauten-wegen\/wp-content\/plugins\/elementor-pro\/assets\/css\/widget-theme-elements.min.css?ver=1721121021\">\t\t<search role=\"search\">\n\t\t\t<form class=\"elementor-search-form\" action=\"https:\/\/verkehrplus.at\/auf-vertrauten-wegen\" method=\"get\">\n\t\t\t\t\t\t\t\t\t\t\t\t<div class=\"elementor-search-form__container\">\n\t\t\t\t\t<label class=\"elementor-screen-only\" for=\"elementor-search-form-63ff7d5\">Suche<\/label>\n\n\t\t\t\t\t\n\t\t\t\t\t<input id=\"elementor-search-form-63ff7d5\" placeholder=\"Suche...\" class=\"elementor-search-form__input\" type=\"search\" name=\"s\" value=\"\">\n\t\t\t\t\t\n\t\t\t\t\t\t\t\t\t\t\t<button class=\"elementor-search-form__submit\" type=\"submit\" aria-label=\"Suche\">\n\t\t\t\t\t\t\t\t\t\t\t\t\t\t\t<i aria-hidden=\"true\" class=\"fas fa-search\"><\/i>\t\t\t\t\t\t\t\t<span class=\"elementor-screen-only\">Suche<\/span>\n\t\t\t\t\t\t\t\t\t\t\t\t\t<\/button>\n\t\t\t\t\t\n\t\t\t\t\t\t\t\t\t<\/div>\n\t\t\t<\/form>\n\t\t<\/search>\n\t\t\t\t<\/div>\n\t\t\t\t<\/div>\n\t\t\t\t<\/div>\n\t\t<div class=\"elementor-element elementor-element-4338dcd e-con-full e-flex e-con e-child\" data-id=\"4338dcd\" data-element_type=\"container\">\n\t\t\t\t<div class=\"elementor-element elementor-element-83c7c35 elementor-widget__width-initial elementor-icon-list--layout-traditional elementor-list-item-link-full_width elementor-widget elementor-widget-icon-list\" data-id=\"83c7c35\" data-element_type=\"widget\" data-widget_type=\"icon-list.default\">\n\t\t\t\t<div class=\"elementor-widget-container\">\n\t\t\t<link rel=\"stylesheet\" href=\"https:\/\/verkehrplus.at\/auf-vertrauten-wegen\/wp-content\/plugins\/elementor\/assets\/css\/widget-icon-list.min.css\">\t\t<ul class=\"elementor-icon-list-items\">\n\t\t\t\t\t\t\t<li class=\"elementor-icon-list-item\">\n\t\t\t\t\t\t\t\t\t\t\t<span class=\"elementor-icon-list-icon\">\n\t\t\t\t\t\t\t<i aria-hidden=\"true\" class=\"fas fa-users\"><\/i>\t\t\t\t\t\t<\/span>\n\t\t\t\t\t\t\t\t\t\t<span class=\"elementor-icon-list-text\">Projektteam<\/span>\n\t\t\t\t\t\t\t\t\t<\/li>\n\t\t\t\t\t\t<\/ul>\n\t\t\t\t<\/div>\n\t\t\t\t<\/div>\n\t\t\t\t<div class=\"elementor-element elementor-element-ebfdff7 elementor-icon-list--layout-traditional elementor-list-item-link-full_width elementor-widget elementor-widget-icon-list\" data-id=\"ebfdff7\" data-element_type=\"widget\" data-widget_type=\"icon-list.default\">\n\t\t\t\t<div class=\"elementor-widget-container\">\n\t\t\t\t\t<ul class=\"elementor-icon-list-items\">\n\t\t\t\t\t\t\t<li class=\"elementor-icon-list-item\">\n\t\t\t\t\t\t\t\t\t\t\t<a href=\"https:\/\/www.verkehrplus.at\/\" target=\"_blank\">\n\n\t\t\t\t\t\t\t\t\t\t\t\t<span class=\"elementor-icon-list-icon\">\n\t\t\t\t\t\t\t<i aria-hidden=\"true\" class=\"fas fa-angle-double-right\"><\/i>\t\t\t\t\t\t<\/span>\n\t\t\t\t\t\t\t\t\t\t<span class=\"elementor-icon-list-text\">verkehrplus ZT GmbH<\/span>\n\t\t\t\t\t\t\t\t\t\t\t<\/a>\n\t\t\t\t\t\t\t\t\t<\/li>\n\t\t\t\t\t\t\t\t<li class=\"elementor-icon-list-item\">\n\t\t\t\t\t\t\t\t\t\t\t<a href=\"https:\/\/www.joanneum.at\/\" target=\"_blank\">\n\n\t\t\t\t\t\t\t\t\t\t\t\t<span class=\"elementor-icon-list-icon\">\n\t\t\t\t\t\t\t<i aria-hidden=\"true\" class=\"fas fa-angle-double-right\"><\/i>\t\t\t\t\t\t<\/span>\n\t\t\t\t\t\t\t\t\t\t<span class=\"elementor-icon-list-text\">JOANNEUM RESEARCH Forschungsgesellschaft mbH<\/span>\n\t\t\t\t\t\t\t\t\t\t\t<\/a>\n\t\t\t\t\t\t\t\t\t<\/li>\n\t\t\t\t\t\t\t\t<li class=\"elementor-icon-list-item\">\n\t\t\t\t\t\t\t\t\t\t\t<a href=\"https:\/\/stadtlaborgraz.at\/\" target=\"_blank\">\n\n\t\t\t\t\t\t\t\t\t\t\t\t<span class=\"elementor-icon-list-icon\">\n\t\t\t\t\t\t\t<i aria-hidden=\"true\" class=\"fas fa-angle-double-right\"><\/i>\t\t\t\t\t\t<\/span>\n\t\t\t\t\t\t\t\t\t\t<span class=\"elementor-icon-list-text\">StadtLABOR \u2013 Innovationen f\u00fcr urbane Lebensqualit\u00e4t GmbH<\/span>\n\t\t\t\t\t\t\t\t\t\t\t<\/a>\n\t\t\t\t\t\t\t\t\t<\/li>\n\t\t\t\t\t\t<\/ul>\n\t\t\t\t<\/div>\n\t\t\t\t<\/div>\n\t\t\t\t<\/div>\n\t\t<div class=\"elementor-element elementor-element-4df87ac e-con-full e-flex e-con e-child\" data-id=\"4df87ac\" data-element_type=\"container\">\n\t\t\t\t<div class=\"elementor-element elementor-element-a3e36f2 elementor-widget__width-initial elementor-icon-list--layout-traditional elementor-list-item-link-full_width elementor-widget elementor-widget-icon-list\" data-id=\"a3e36f2\" data-element_type=\"widget\" data-widget_type=\"icon-list.default\">\n\t\t\t\t<div class=\"elementor-widget-container\">\n\t\t\t\t\t<ul class=\"elementor-icon-list-items\">\n\t\t\t\t\t\t\t<li class=\"elementor-icon-list-item\">\n\t\t\t\t\t\t\t\t\t\t\t<span class=\"elementor-icon-list-icon\">\n\t\t\t\t\t\t\t<i aria-hidden=\"true\" class=\"fas fa-envelope\"><\/i>\t\t\t\t\t\t<\/span>\n\t\t\t\t\t\t\t\t\t\t<span class=\"elementor-icon-list-text\">Kontakt<\/span>\n\t\t\t\t\t\t\t\t\t<\/li>\n\t\t\t\t\t\t<\/ul>\n\t\t\t\t<\/div>\n\t\t\t\t<\/div>\n\t\t\t\t<div class=\"elementor-element elementor-element-ec14d8d elementor-widget elementor-widget-text-editor\" data-id=\"ec14d8d\" data-element_type=\"widget\" data-widget_type=\"text-editor.default\">\n\t\t\t\t<div class=\"elementor-widget-container\">\n\t\t\t\t\t\t\t<p>verkehrplus ZT GmbH<br \/>Elisabethinergasse 27a<br \/>A-8020 Graz<br \/><a href=\"mailto:irene.bergmann@verkehrplus.at\">irene.bergmann@verkehrplus.at<\/a><br \/><a href=\"http:\/\/www.verkehrplus.at\" target=\"_blank\" rel=\"noopener\">www.verkehrplus.at<\/a>\u00a0<\/p>\t\t\t\t\t\t<\/div>\n\t\t\t\t<\/div>\n\t\t\t\t<\/div>\n\t\t<div class=\"elementor-element elementor-element-f83c0b9 e-con-full e-flex e-con e-child\" data-id=\"f83c0b9\" data-element_type=\"container\">\n\t\t\t\t<div class=\"elementor-element elementor-element-327b602 elementor-widget__width-initial elementor-icon-list--layout-traditional elementor-list-item-link-full_width elementor-widget elementor-widget-icon-list\" data-id=\"327b602\" data-element_type=\"widget\" data-widget_type=\"icon-list.default\">\n\t\t\t\t<div class=\"elementor-widget-container\">\n\t\t\t\t\t<ul class=\"elementor-icon-list-items\">\n\t\t\t\t\t\t\t<li class=\"elementor-icon-list-item\">\n\t\t\t\t\t\t\t\t\t\t\t<span class=\"elementor-icon-list-icon\">\n\t\t\t\t\t\t\t<i aria-hidden=\"true\" class=\"fas fa-handshake\"><\/i>\t\t\t\t\t\t<\/span>\n\t\t\t\t\t\t\t\t\t\t<span class=\"elementor-icon-list-text\">F\u00f6rderung<\/span>\n\t\t\t\t\t\t\t\t\t<\/li>\n\t\t\t\t\t\t<\/ul>\n\t\t\t\t<\/div>\n\t\t\t\t<\/div>\n\t\t\t\t<div class=\"elementor-element elementor-element-8f93348 elementor-widget elementor-widget-text-editor\" data-id=\"8f93348\" data-element_type=\"widget\" data-widget_type=\"text-editor.default\">\n\t\t\t\t<div class=\"elementor-widget-container\">\n\t\t\t\t\t\t\t<p>Das Projekt \u201eAuf vertrauten Wegen\u201c wird gef\u00f6rdert von der \u00d6sterreichischen<br \/>Forschungsf\u00f6rderungsgesellschaft (FFG)<br \/><a href=\"https:\/\/www.ffg.at\/\" target=\"_blank\" rel=\"noopener\">https:\/\/www.ffg.at\/<\/a><\/p>\t\t\t\t\t\t<\/div>\n\t\t\t\t<\/div>\n\t\t\t\t<div class=\"elementor-element elementor-element-e638962 elementor-widget elementor-widget-image\" data-id=\"e638962\" data-element_type=\"widget\" data-widget_type=\"image.default\">\n\t\t\t\t<div class=\"elementor-widget-container\">\n\t\t\t<style>\/*! elementor - v3.23.0 - 15-07-2024 *\/\n.elementor-widget-image{text-align:center}.elementor-widget-image a{display:inline-block}.elementor-widget-image a img[src$=\".svg\"]{width:48px}.elementor-widget-image img{vertical-align:middle;display:inline-block}<\/style>\t\t\t\t\t\t\t\t\t\t\t<a href=\"https:\/\/www.ffg.at\/\" target=\"_blank\">\n\t\t\t\t\t\t\t<img fetchpriority=\"high\" decoding=\"async\" width=\"531\" height=\"213\" src=\"https:\/\/verkehrplus.at\/auf-vertrauten-wegen\/wp-content\/uploads\/2024\/07\/ffg_logo_de.svg\" class=\"attachment-full size-full wp-image-49\" alt=\"\" \/>\t\t\t\t\t\t\t\t<\/a>\n\t\t\t\t\t\t\t\t\t\t\t\t\t<\/div>\n\t\t\t\t<\/div>\n\t\t\t\t<\/div>\n\t\t\t\t\t<\/div>\n\t\t\t\t<\/div>\n\t\t\t\t<\/div>\n\t\t\t\t<\/div>\n\t\t\t\t<\/div>\n\t\t\t\t<\/div>\n\t\t\t\t<\/div>\n\t\t\t\t\t<\/div>\n\t\t\t\t<\/div>\n\t\t\t\t<\/div>\n\t\t","protected":false},"excerpt":{"rendered":"<p>Auf vertrauten Wegen Das Mobilit\u00e4tsverhalten wird in jungen Jahren erlernt. Dieses wird durch die Umgebung gepr\u00e4gt. Mit dem Eintritt junger Menschen in eine Bildungseinrichtung beginnt auch die Notwendigkeit der Mobilit\u00e4t.&nbsp; Das Forschungsprojekt &#8222;Auf vertrauten Wegen&#8220; hat zum Ziel, am Beispiel ausgew\u00e4hlter Bildungseinrichtungen Pilotprojekte in die Umsetzung zu bringen und die Auswirkungen von Infrastruktur und verhaltensbezogenen [&hellip;]<\/p>\n","protected":false},"author":1,"featured_media":0,"parent":0,"menu_order":0,"comment_status":"closed","ping_status":"closed","template":"","meta":{"footnotes":""},"class_list":["post-12","page","type-page","status-publish","hentry"],"_links":{"self":[{"href":"https:\/\/verkehrplus.at\/auf-vertrauten-wegen\/wp-json\/wp\/v2\/pages\/12","targetHints":{"allow":["GET"]}}],"collection":[{"href":"https:\/\/verkehrplus.at\/auf-vertrauten-wegen\/wp-json\/wp\/v2\/pages"}],"about":[{"href":"https:\/\/verkehrplus.at\/auf-vertrauten-wegen\/wp-json\/wp\/v2\/types\/page"}],"author":[{"embeddable":true,"href":"https:\/\/verkehrplus.at\/auf-vertrauten-wegen\/wp-json\/wp\/v2\/users\/1"}],"replies":[{"embeddable":true,"href":"https:\/\/verkehrplus.at\/auf-vertrauten-wegen\/wp-json\/wp\/v2\/comments?post=12"}],"version-history":[{"count":50,"href":"https:\/\/verkehrplus.at\/auf-vertrauten-wegen\/wp-json\/wp\/v2\/pages\/12\/revisions"}],"predecessor-version":[{"id":344,"href":"https:\/\/verkehrplus.at\/auf-vertrauten-wegen\/wp-json\/wp\/v2\/pages\/12\/revisions\/344"}],"wp:attachment":[{"href":"https:\/\/verkehrplus.at\/auf-vertrauten-wegen\/wp-json\/wp\/v2\/media?parent=12"}],"curies":[{"name":"wp","href":"https:\/\/api.w.org\/{rel}","templated":true}]}}